{"id":1845,"date":"2022-09-19T09:38:45","date_gmt":"2022-09-19T07:38:45","guid":{"rendered":"https:\/\/www.hotelaltona.com\/impressum\/"},"modified":"2024-11-14T12:46:22","modified_gmt":"2024-11-14T11:46:22","slug":"impressum","status":"publish","type":"page","link":"https:\/\/www.hotelaltona.com\/de\/impressum\/","title":{"rendered":"Impressum"},"content":{"rendered":"\t\t<div data-elementor-type=\"wp-page\" data-elementor-id=\"1845\" class=\"elementor elementor-1845\" data-elementor-post-type=\"page\">\n\t\t\t\t\t\t<section class=\"elementor-section elementor-top-section elementor-element elementor-element-cbd72ba elementor-section-full_width elementor-section-height-min-height elementor-section-height-default elementor-section-items-middle\" data-id=\"cbd72ba\" data-element_type=\"section\" data-e-type=\"section\" data-settings=\"{&quot;background_background&quot;:&quot;classic&quot;}\">\n\t\t\t\t\t\t<div class=\"elementor-container elementor-column-gap-no\">\n\t\t\t\t\t<div class=\"elementor-column elementor-col-100 elementor-top-column elementor-element elementor-element-4e1a1cc\" data-id=\"4e1a1cc\" data-element_type=\"column\" data-e-type=\"column\" data-settings=\"{&quot;background_background&quot;:&quot;classic&quot;}\">\n\t\t\t<div class=\"elementor-widget-wrap elementor-element-populated\">\n\t\t\t\t\t\t<div class=\"elementor-element elementor-element-1657f32 elementor-widget elementor-widget-text-editor\" data-id=\"1657f32\" data-element_type=\"widget\" data-e-type=\"widget\" data-widget_type=\"text-editor.default\">\n\t\t\t\t<div class=\"elementor-widget-container\">\n\t\t\t\t\t\t\t\t\t<h1>Impressum<\/h1>\t\t\t\t\t\t\t\t<\/div>\n\t\t\t\t<\/div>\n\t\t\t\t\t<\/div>\n\t\t<\/div>\n\t\t\t\t\t<\/div>\n\t\t<\/section>\n\t\t\t\t<section class=\"elementor-section elementor-top-section elementor-element elementor-element-b0996bd elementor-section-boxed elementor-section-height-default elementor-section-height-default\" data-id=\"b0996bd\" data-element_type=\"section\" data-e-type=\"section\">\n\t\t\t\t\t\t<div class=\"elementor-container elementor-column-gap-default\">\n\t\t\t\t\t<div class=\"elementor-column elementor-col-100 elementor-top-column elementor-element elementor-element-aaef8fb\" data-id=\"aaef8fb\" data-element_type=\"column\" data-e-type=\"column\">\n\t\t\t<div class=\"elementor-widget-wrap elementor-element-populated\">\n\t\t\t\t\t\t<div class=\"elementor-element elementor-element-fe4e06f elementor-widget elementor-widget-text-editor\" data-id=\"fe4e06f\" data-element_type=\"widget\" data-e-type=\"widget\" data-widget_type=\"text-editor.default\">\n\t\t\t\t<div class=\"elementor-widget-container\">\n\t\t\t\t\t\t\t\t\t<p><strong>Allgemeine Nutzungsbedingungen und rechtliche Hinweise f\u00fcr die Website des Hotel Altona<\/strong><\/p><p>Die Sie betreffenden Informationen werden in keinem Fall an Dritte weitergegeben. Gem\u00e4\u00df dem ge\u00e4nderten Datenschutzgesetz vom 6. Januar 1978 haben Sie das Recht auf Zugang, \u00c4nderung, Berichtigung und L\u00f6schung der Sie betreffenden Daten. Um dieses Recht auszu\u00fcben, k\u00f6nnen Sie sich an folgende Adresse wenden:<\/p><p><strong>Hotel Altona<\/strong><br>Tel: 01 48 78 68 24<br>Adresse: 166, rue du Faubourg Poissonniere<br>75010 Paris FRANCE<br>SIRET: <br>RCS: <br>N\u00b0 de TVA intracommunautaire : FR89552099517<br>Capital social : <br>Email de contact: reservation@hotelaltona.com<\/p><p>Cr\u00e9ation de site internet : HOTEL MARKETING 35 \u2013 SARL HM35 \u2013 Oman Lerin<br>Site : https:\/\/www.hotelmarketing35.com\/<\/p><p>H\u00e9bergement OVH<br>Tel: 0899 701 761<br>Adresse: 2 rue Kellermann<br>59100 ROUBAIX &#8211; France<br>Forme juridique : SAS<br>SIRET: 424 761 419 00011<\/p><p>Geistiges Eigentum<br>Die Website als Ganzes sowie jeder ihrer Bestandteile (insbesondere Texte, Diagramme, Baumstrukturen, Software, Animationen, Bilder, Fotografien, Illustrationen, Videos, grafische oder redaktionelle Darstellungen, Logos usw.) stellen Werke des Geistes dar gesch\u00fctzt durch das Gesetz \u00fcber geistiges Eigentum sowie durch andere anwendbare internationale Gesetze.<br>Nur das Hotel Altona ist berechtigt (direkt oder durch Lizenzen oder Genehmigungen), die Elemente, aus denen sich die Website zusammensetzt, Domainnamen, Marken, Modelle usw. zu verwenden. sowie die darin wiedergegebenen Bilder und redaktionellen Inhalte.<br>Die Nutzung der gesamten oder eines Teils der Website, insbesondere durch Herunterladen, Vervielf\u00e4ltigung, \u00dcbertragung, Darstellung oder Verteilung zu anderen Zwecken als der Konsultation und Nutzung der Website in pers\u00f6nlicher und privater Eigenschaft durch den Internetbenutzer f\u00fcr nicht kommerzielle Zwecke, ist strengstens gestattet verboten. Ein Versto\u00df gegen diese Bestimmungen setzt den Urheber den Strafen aus, die sowohl das Gesetz \u00fcber geistiges Eigentum, insbesondere in Bezug auf F\u00e4lschungen, als auch das B\u00fcrgerliche Gesetzbuch in Bezug auf die zivilrechtliche Haftung vorsehen.<br>Die Erstellung eines Hypertext-Links zu einer der Webseiten oder einem der Elemente, aus denen sich die Website zusammensetzt, ist ohne vorherige schriftliche Genehmigung, die jederzeit widerrufen werden kann, verboten. Alle Inhalte, Websites oder andere, die einen Hypertext-Link mit der Website oder einem der Elemente, aus denen sie besteht, haben, unterliegen nicht der Kontrolle von und letztere lehnt daher jede (insbesondere redaktionelle) Verantwortung f\u00fcr den Zugang zu diesen Websites und ihren Inhalten ab.<br>Alle Inhalte auf dieser Website https:\/\/www.hotelaltona.com\/ einschlie\u00dflich, aber nicht beschr\u00e4nkt auf Grafiken, Bilder, Texte, Videos, Animationen, Sounds, Logos, GIFs und Symbole sowie deren Formatierung sind das Eigentum von ausschlie\u00dflich des Unternehmens mit Ausnahme von Marken, Logos oder Inhalten, die anderen Partnerunternehmen oder Autoren geh\u00f6ren.<br>Jegliche Vervielf\u00e4ltigung, Verbreitung, \u00c4nderung, Anpassung, Weiterverbreitung oder Ver\u00f6ffentlichung, auch auszugsweise, dieser verschiedenen Elemente ist ohne die ausdr\u00fcckliche schriftliche Zustimmung von HOTEL Altona Vereinfachte Aktiengesellschaft strengstens untersagt. Diese Darstellung oder Vervielf\u00e4ltigung, auf welche Weise auch immer, stellt eine Verletzung dar, die nach den Artikeln L.335-2 und folgenden des Gesetzes \u00fcber geistiges Eigentum strafbar ist. Die Nichteinhaltung dieses Verbots stellt einen Versto\u00df dar, der die zivil- und strafrechtliche Haftung des F\u00e4lschers nach sich ziehen kann. Dar\u00fcber hinaus k\u00f6nnen die Eigent\u00fcmer der kopierten Inhalte rechtliche Schritte gegen Sie einleiten.<\/p><p>Website-Verf\u00fcgbarkeit<br>Das Altona Hotel bem\u00fcht sich, die Seite nach M\u00f6glichkeit dauerhaft zug\u00e4nglich zu halten, ist dazu aber nicht verpflichtet. Altona kann daher den Zugriff auf die Website insbesondere aus Wartungs- oder Aktualisierungsgr\u00fcnden oder aus anderen Gr\u00fcnden, insbesondere aus technischen oder redaktionellen Gr\u00fcnden, ohne Vorank\u00fcndigung oder vorherige Information der Internetnutzer unterbrechen, ohne dass sie f\u00fcr die Folgen verantwortlich gemacht werden kann diese Unterbrechungen sowohl gegen\u00fcber Internetnutzern als auch gegen\u00fcber Dritten.<br>Dar\u00fcber hinaus kann nicht haftbar gemacht werden, wenn Internetnutzer aufgrund eines technischen Defekts oder eines Problems nicht auf die gesamte oder einen Teil der Website zugreifen k\u00f6nnen, insbesondere und nicht beschr\u00e4nkt auf:<\/p><p>\u2022 Ausfall und\/oder \u00dcberlastung des Internet-Netzwerks,<br>\u2022 Ausfall von Internetzugangsanbietern,<br>\u2022 Menschliches oder elektrisches Versagen,<br>\u2022 jeder b\u00f6swillige Eingriff,<br>\u2022 Jegliche Fehlfunktionen von Software oder Hardware,<br>\u2022 Ein Fall h\u00f6herer Gewalt.<\/p><p>Vermittler: <\/p><p>Association des m\u00e9diateurs ind\u00e9pendants d&#8217;\u00cele de France<br>Si\u00e8ge social : 1 place de Fleurus &#8211; 77100 Meaux \/ mail : contact@amidif.com<\/p><p>Verantwortung<br>Strebt nach bestem Wissen und Gewissen die Genauigkeit und Aktualisierung der auf der Website ver\u00f6ffentlichten Informationen an, deren Inhalt sie sich das Recht vorbeh\u00e4lt, diese jederzeit und ohne Vorank\u00fcndigung zu \u00e4ndern.<br>Allerdings kann die Richtigkeit, Genauigkeit und Vollst\u00e4ndigkeit der auf der Website bereitgestellten Informationen nicht garantiert werden, da diese Informationen weder eine Garantie noch eine Verpflichtung seitens des Internetbenutzers darstellen. Letzterer kann insbesondere nicht haftbar gemacht werden:<br>\u2022 Ungenauigkeiten, Ungenauigkeiten oder Auslassungen dieser Informationen;<br>\u2022 Jegliche Sch\u00e4den, die durch das Eindringen eines Dritten in den Computer entstehen und zu einer \u00c4nderung dieser Informationen f\u00fchren;<br>\u2022 Und ganz allgemein f\u00fcr alle direkten oder indirekten Sch\u00e4den, unabh\u00e4ngig von den Ursachen, Urspr\u00fcngen, Arten und Folgen, die mit dem Zugriff (oder der Unm\u00f6glichkeit des Zugriffs auf die Website), dem Inhalt, der Nutzung der Website und\/oder den Kredit, der allen Informationen gew\u00e4hrt wird, die von letzterem stammen.<\/p><p>Nutzungsbedingungen<br>Diese Seite wird in verschiedenen Websprachen (HTML, HTML5, Javascript, CSS usw.) angeboten. F\u00fcr einen besseren Benutzerkomfort und angenehmere Grafiken empfehlen wir die Verwendung moderner Browser wie Internet Explorer, Safari, Firefox, Google Chrome, usw.<br>Wir setzen alle uns zur Verf\u00fcgung stehenden Mittel ein, um zuverl\u00e4ssige Informationen und eine zuverl\u00e4ssige Aktualisierung der Inhalte der Website zu gew\u00e4hrleisten. Es k\u00f6nnen jedoch Fehler oder Auslassungen auftreten. Der Benutzer muss daher die Richtigkeit der Informationen sicherstellen und alle \u00c4nderungen an der Website melden, die er f\u00fcr n\u00fctzlich h\u00e4lt. Die Vereinfachte Aktiengesellschaft HOTEL Altona ist in keiner Weise verantwortlich f\u00fcr die Verwendung dieser Informationen und f\u00fcr daraus resultierende direkte oder indirekte Sch\u00e4den.<\/p><p>Kekse<br>Die Website kann Sie bitten, Cookies f\u00fcr Statistik- und Anzeigezwecke zu akzeptieren. Ein Cookie ist eine Information, die vom Server der Website, die Sie besuchen, auf Ihrer Festplatte abgelegt wird. Es enth\u00e4lt mehrere Daten, die auf Ihrem Computer in einer einfachen Textdatei gespeichert sind, auf die ein Server zugreift, um Informationen zu lesen und zu speichern. Bestimmte Teile dieser Website k\u00f6nnen ohne die Annahme von Cookies nicht funktionieren.<\/p><p>Hypertext-Links<br>Die Website enth\u00e4lt Links zu anderen Websites oder anderen im Internet verf\u00fcgbaren Ressourcen. Vereinfachte Aktiengesellschaft HOTEL Altona hat keine M\u00f6glichkeit, die Seiten im Zusammenhang mit ihren Websites zu kontrollieren. Vereinfachte Aktiengesellschaft HOTEL Altona ist f\u00fcr die Verf\u00fcgbarkeit solcher Seiten und externer Quellen nicht verantwortlich oder garantiert diese. Sie kann nicht f\u00fcr Sch\u00e4den gleich welcher Art haftbar gemacht werden, die sich aus dem Inhalt dieser Websites oder externen Quellen und insbesondere aus den dort angebotenen Informationen, Produkten oder Dienstleistungen oder aus der Nutzung dieser Elemente ergeben. Die mit dieser Nutzung verbundenen Risiken liegen vollst\u00e4ndig in der Verantwortung des Internetbenutzers, der seine Nutzungsbedingungen einhalten muss.<br>Benutzer, Abonnenten und Besucher der Websites d\u00fcrfen ohne ausdr\u00fcckliche vorherige Genehmigung der Soci\u00e9t\u00e9 par actions simplifiee HOTEL Altona keinen Hyperlink zu dieser Website einrichten.<br>F\u00fcr den Fall, dass ein Nutzer oder Besucher einen Hyperlink zur Website der Vereinfachten Aktiengesellschaft HOTEL Altona einrichten m\u00f6chte, obliegt es ihm, eine auf der Website zug\u00e4ngliche E-Mail zu senden, um seinen Antrag auf Einrichtung eines Hyperlinks zu formulieren . Vereinfachte Aktiengesellschaft HOTEL Altona beh\u00e4lt sich das Recht vor, einen Hyperlink zu akzeptieren oder abzulehnen, ohne seine Entscheidung begr\u00fcnden zu m\u00fcssen.<\/p><p>Dienstleistungen erbracht<br>Alle Aktivit\u00e4ten und Informationen des Unternehmens werden auf unserer Website www.hotelAltona.com\/fr\/ pr\u00e4sentiert.<br>Vereinfachte Aktiengesellschaft HOTEL Altona bem\u00fcht sich, m\u00f6glichst genaue Informationen auf der Website www.hotelAltona.com\/fr\/ bereitzustellen. Die Informationen auf der Website www.hotelAltona.com\/fr\/ sind nicht vollst\u00e4ndig und die Fotos sind nicht verbindlich. Sie werden vorbehaltlich \u00c4nderungen seit ihrer Online-Stellung gegeben. Dar\u00fcber hinaus werden alle auf der Website www.hotelAltona.com\/fr\/ angegebenen Informationen nur zu Informationszwecken bereitgestellt und k\u00f6nnen ohne Vorank\u00fcndigung ge\u00e4ndert oder weiterentwickelt werden.<\/p><p>Vertragliche Beschr\u00e4nkungen von Daten<br>Die auf dieser Website enthaltenen Informationen sind so genau wie m\u00f6glich und die Website wird zu verschiedenen Jahreszeiten aktualisiert, kann jedoch Ungenauigkeiten oder Auslassungen enthalten. Wenn Sie eine L\u00fccke, einen Fehler oder eine scheinbare Fehlfunktion bemerken, melden Sie dies bitte per E-Mail an Altona@orange.fr und beschreiben Sie das Problem so genau wie m\u00f6glich (Seite, die das Problem verursacht, Typ des verwendeten Computers und Browsers usw.).<br>Alle heruntergeladenen Inhalte erfolgen auf Risiko und Gefahr des Benutzers und unter seiner alleinigen Verantwortung. Die Vereinfachte Aktiengesellschaft HOTEL Altona haftet daher nicht f\u00fcr Sch\u00e4den am Computer des Nutzers oder f\u00fcr Datenverluste, die durch den Download entstehen. Dar\u00fcber hinaus erkl\u00e4rt sich der Benutzer der Website damit einverstanden, auf die Website mit neueren Ger\u00e4ten zuzugreifen, die keine Viren enthalten, und mit einem aktualisierten Browser der neuesten Generation.<br>Dar\u00fcber hinaus erkl\u00e4rt sich der Benutzer der Website damit einverstanden, auf die Website mit neueren Ger\u00e4ten zuzugreifen, die keine Viren enthalten, und mit einem aktualisierten Browser der neuesten Generation.<\/p><p>Streitigkeiten<br>Die vorliegenden Bedingungen der Website https:\/\/www.hotelaltona.com\/ unterliegen franz\u00f6sischem Recht, und alle Streitigkeiten oder Rechtsstreitigkeiten, die sich aus der Auslegung oder Ausf\u00fchrung dieser Bedingungen ergeben k\u00f6nnen, unterliegen der ausschlie\u00dflichen Zust\u00e4ndigkeit der Gerichte, die von den registrierten Gerichten abh\u00e4ngen B\u00fcro des Unternehmens. Die Bezugssprache f\u00fcr die Beilegung etwaiger Streitigkeiten ist Franz\u00f6sisch.<\/p><p>pers\u00f6nliche Daten<br>Im Allgemeinen ist es nicht erforderlich, dass Sie uns Ihre personenbezogenen Daten mitteilen, wenn Sie unsere Website https:\/\/www.hotelaltona.com\/ besuchen.<br>Dieses Prinzip hat jedoch einige Ausnahmen. F\u00fcr bestimmte von unserer Website angebotene Dienste m\u00fcssen Sie uns m\u00f6glicherweise bestimmte Daten zur Verf\u00fcgung stellen, wie z. B.: Ihren Namen, den Namen Ihres Unternehmens, Ihre E-Mail- oder Postanschrift und Ihre Telefonnummer oder andere Informationen. Dies ist der Fall, wenn Sie das Ihnen online angebotene Formular im Bereich \u201eKontakt\u201c ausf\u00fcllen oder wenn Sie eine Reservierung abschlie\u00dfen.<br>In jedem Fall k\u00f6nnen Sie die Bereitstellung Ihrer personenbezogenen Daten ablehnen. In diesem Fall k\u00f6nnen Sie die Dienste der Website nicht nutzen, insbesondere nicht den Abschluss Ihrer Reservierung oder das Kontaktformular, um Ihnen eine Antwort auf Ihre Frage zu geben.<br>Schlie\u00dflich k\u00f6nnen wir automatisch bestimmte Informationen \u00fcber Sie sammeln, wenn Sie einfach auf unserer Website surfen, insbesondere: Informationen \u00fcber die Nutzung unserer Website, wie die von Ihnen besuchten Bereiche und die Dienste, auf die Sie zugreifen, Ihre IP-Adresse, den Typ Ihres Browsers, Ihre Zugriffszeiten.<br>Diese Informationen werden ausschlie\u00dflich f\u00fcr interne statistische Zwecke verwendet, um die Qualit\u00e4t der Ihnen angebotenen Dienstleistungen zu verbessern. Die Datenbanken sind durch die Bestimmungen des Gesetzes vom 1. Juli 1998 zur Umsetzung der Richtlinie 96\/9 vom 11. M\u00e4rz 1996 \u00fcber den rechtlichen Schutz von Datenbanken gesch\u00fctzt.<\/p>\t\t\t\t\t\t\t\t<\/div>\n\t\t\t\t<\/div>\n\t\t\t\t\t<\/div>\n\t\t<\/div>\n\t\t\t\t\t<\/div>\n\t\t<\/section>\n\t\t\t\t<\/div>\n\t\t","protected":false},"excerpt":{"rendered":"<p>Impressum Allgemeine Nutzungsbedingungen und rechtliche Hinweise f\u00fcr die Website des Hotel Altona Die Sie betreffenden Informationen werden in keinem Fall an Dritte weitergegeben. Gem\u00e4\u00df dem ge\u00e4nderten Datenschutzgesetz vom 6. Januar 1978 haben Sie das Recht auf Zugang, \u00c4nderung, Berichtigung und L\u00f6schung der Sie betreffenden Daten. Um dieses Recht auszu\u00fcben, k\u00f6nnen Sie sich an folgende Adresse [&hellip;]<\/p>\n","protected":false},"author":1,"featured_media":0,"parent":0,"menu_order":0,"comment_status":"closed","ping_status":"closed","template":"elementor_header_footer","meta":{"footnotes":""},"class_list":["post-1845","page","type-page","status-publish","hentry"],"yoast_head":"<!-- This site is optimized with the Yoast SEO plugin v27.5 - https:\/\/yoast.com\/product\/yoast-seo-wordpress\/ -->\n<title>Impressum - Altona Hotel - Paris Montmartre<\/title>\n<meta name=\"robots\" content=\"index, follow, max-snippet:-1, max-image-preview:large, max-video-preview:-1\" \/>\n<link rel=\"canonical\" href=\"https:\/\/www.hotelaltona.com\/de\/impressum\/\" \/>\n<meta property=\"og:locale\" content=\"de_DE\" \/>\n<meta property=\"og:type\" content=\"article\" \/>\n<meta property=\"og:title\" content=\"Impressum - Altona Hotel - Paris Montmartre\" \/>\n<meta property=\"og:description\" content=\"Impressum Allgemeine Nutzungsbedingungen und rechtliche Hinweise f\u00fcr die Website des Hotel Altona Die Sie betreffenden Informationen werden in keinem Fall an Dritte weitergegeben. Gem\u00e4\u00df dem ge\u00e4nderten Datenschutzgesetz vom 6. Januar 1978 haben Sie das Recht auf Zugang, \u00c4nderung, Berichtigung und L\u00f6schung der Sie betreffenden Daten. Um dieses Recht auszu\u00fcben, k\u00f6nnen Sie sich an folgende Adresse [&hellip;]\" \/>\n<meta property=\"og:url\" content=\"https:\/\/www.hotelaltona.com\/de\/impressum\/\" \/>\n<meta property=\"og:site_name\" content=\"Altona Hotel - Paris Montmartre\" \/>\n<meta property=\"article:modified_time\" content=\"2024-11-14T11:46:22+00:00\" \/>\n<meta name=\"twitter:card\" content=\"summary_large_image\" \/>\n<meta name=\"twitter:label1\" content=\"Gesch\u00e4tzte Lesezeit\" \/>\n\t<meta name=\"twitter:data1\" content=\"9\u00a0Minuten\" \/>\n<script type=\"application\/ld+json\" class=\"yoast-schema-graph\">{\"@context\":\"https:\\\/\\\/schema.org\",\"@graph\":[{\"@type\":\"WebPage\",\"@id\":\"https:\\\/\\\/www.hotelaltona.com\\\/de\\\/impressum\\\/\",\"url\":\"https:\\\/\\\/www.hotelaltona.com\\\/de\\\/impressum\\\/\",\"name\":\"Impressum - Altona Hotel - Paris Montmartre\",\"isPartOf\":{\"@id\":\"https:\\\/\\\/www.hotelaltona.com\\\/#website\"},\"datePublished\":\"2022-09-19T07:38:45+00:00\",\"dateModified\":\"2024-11-14T11:46:22+00:00\",\"breadcrumb\":{\"@id\":\"https:\\\/\\\/www.hotelaltona.com\\\/de\\\/impressum\\\/#breadcrumb\"},\"inLanguage\":\"de\",\"potentialAction\":[{\"@type\":\"ReadAction\",\"target\":[\"https:\\\/\\\/www.hotelaltona.com\\\/de\\\/impressum\\\/\"]}]},{\"@type\":\"BreadcrumbList\",\"@id\":\"https:\\\/\\\/www.hotelaltona.com\\\/de\\\/impressum\\\/#breadcrumb\",\"itemListElement\":[{\"@type\":\"ListItem\",\"position\":1,\"name\":\"Accueil\",\"item\":\"https:\\\/\\\/www.hotelaltona.com\\\/\"},{\"@type\":\"ListItem\",\"position\":2,\"name\":\"Impressum\"}]},{\"@type\":\"WebSite\",\"@id\":\"https:\\\/\\\/www.hotelaltona.com\\\/#website\",\"url\":\"https:\\\/\\\/www.hotelaltona.com\\\/\",\"name\":\"Altona Hotel - Paris Montmartre\",\"description\":\"\",\"publisher\":{\"@id\":\"https:\\\/\\\/www.hotelaltona.com\\\/#organization\"},\"potentialAction\":[{\"@type\":\"SearchAction\",\"target\":{\"@type\":\"EntryPoint\",\"urlTemplate\":\"https:\\\/\\\/www.hotelaltona.com\\\/?s={search_term_string}\"},\"query-input\":{\"@type\":\"PropertyValueSpecification\",\"valueRequired\":true,\"valueName\":\"search_term_string\"}}],\"inLanguage\":\"de\"},{\"@type\":\"Organization\",\"@id\":\"https:\\\/\\\/www.hotelaltona.com\\\/#organization\",\"name\":\"Altona Hotel - Paris Montmartre\",\"url\":\"https:\\\/\\\/www.hotelaltona.com\\\/\",\"logo\":{\"@type\":\"ImageObject\",\"inLanguage\":\"de\",\"@id\":\"https:\\\/\\\/www.hotelaltona.com\\\/#\\\/schema\\\/logo\\\/image\\\/\",\"url\":\"https:\\\/\\\/www.hotelaltona.com\\\/wp-content\\\/uploads\\\/2024\\\/11\\\/logo-hotel-altona-bl.png\",\"contentUrl\":\"https:\\\/\\\/www.hotelaltona.com\\\/wp-content\\\/uploads\\\/2024\\\/11\\\/logo-hotel-altona-bl.png\",\"width\":264,\"height\":59,\"caption\":\"Altona Hotel - Paris Montmartre\"},\"image\":{\"@id\":\"https:\\\/\\\/www.hotelaltona.com\\\/#\\\/schema\\\/logo\\\/image\\\/\"}}]}<\/script>\n<!-- \/ Yoast SEO plugin. -->","yoast_head_json":{"title":"Impressum - Altona Hotel - Paris Montmartre","robots":{"index":"index","follow":"follow","max-snippet":"max-snippet:-1","max-image-preview":"max-image-preview:large","max-video-preview":"max-video-preview:-1"},"canonical":"https:\/\/www.hotelaltona.com\/de\/impressum\/","og_locale":"de_DE","og_type":"article","og_title":"Impressum - Altona Hotel - Paris Montmartre","og_description":"Impressum Allgemeine Nutzungsbedingungen und rechtliche Hinweise f\u00fcr die Website des Hotel Altona Die Sie betreffenden Informationen werden in keinem Fall an Dritte weitergegeben. Gem\u00e4\u00df dem ge\u00e4nderten Datenschutzgesetz vom 6. Januar 1978 haben Sie das Recht auf Zugang, \u00c4nderung, Berichtigung und L\u00f6schung der Sie betreffenden Daten. Um dieses Recht auszu\u00fcben, k\u00f6nnen Sie sich an folgende Adresse [&hellip;]","og_url":"https:\/\/www.hotelaltona.com\/de\/impressum\/","og_site_name":"Altona Hotel - Paris Montmartre","article_modified_time":"2024-11-14T11:46:22+00:00","twitter_card":"summary_large_image","twitter_misc":{"Gesch\u00e4tzte Lesezeit":"9\u00a0Minuten"},"schema":{"@context":"https:\/\/schema.org","@graph":[{"@type":"WebPage","@id":"https:\/\/www.hotelaltona.com\/de\/impressum\/","url":"https:\/\/www.hotelaltona.com\/de\/impressum\/","name":"Impressum - Altona Hotel - Paris Montmartre","isPartOf":{"@id":"https:\/\/www.hotelaltona.com\/#website"},"datePublished":"2022-09-19T07:38:45+00:00","dateModified":"2024-11-14T11:46:22+00:00","breadcrumb":{"@id":"https:\/\/www.hotelaltona.com\/de\/impressum\/#breadcrumb"},"inLanguage":"de","potentialAction":[{"@type":"ReadAction","target":["https:\/\/www.hotelaltona.com\/de\/impressum\/"]}]},{"@type":"BreadcrumbList","@id":"https:\/\/www.hotelaltona.com\/de\/impressum\/#breadcrumb","itemListElement":[{"@type":"ListItem","position":1,"name":"Accueil","item":"https:\/\/www.hotelaltona.com\/"},{"@type":"ListItem","position":2,"name":"Impressum"}]},{"@type":"WebSite","@id":"https:\/\/www.hotelaltona.com\/#website","url":"https:\/\/www.hotelaltona.com\/","name":"Altona Hotel - Paris Montmartre","description":"","publisher":{"@id":"https:\/\/www.hotelaltona.com\/#organization"},"potentialAction":[{"@type":"SearchAction","target":{"@type":"EntryPoint","urlTemplate":"https:\/\/www.hotelaltona.com\/?s={search_term_string}"},"query-input":{"@type":"PropertyValueSpecification","valueRequired":true,"valueName":"search_term_string"}}],"inLanguage":"de"},{"@type":"Organization","@id":"https:\/\/www.hotelaltona.com\/#organization","name":"Altona Hotel - Paris Montmartre","url":"https:\/\/www.hotelaltona.com\/","logo":{"@type":"ImageObject","inLanguage":"de","@id":"https:\/\/www.hotelaltona.com\/#\/schema\/logo\/image\/","url":"https:\/\/www.hotelaltona.com\/wp-content\/uploads\/2024\/11\/logo-hotel-altona-bl.png","contentUrl":"https:\/\/www.hotelaltona.com\/wp-content\/uploads\/2024\/11\/logo-hotel-altona-bl.png","width":264,"height":59,"caption":"Altona Hotel - Paris Montmartre"},"image":{"@id":"https:\/\/www.hotelaltona.com\/#\/schema\/logo\/image\/"}}]}},"_links":{"self":[{"href":"https:\/\/www.hotelaltona.com\/de\/wp-json\/wp\/v2\/pages\/1845","targetHints":{"allow":["GET"]}}],"collection":[{"href":"https:\/\/www.hotelaltona.com\/de\/wp-json\/wp\/v2\/pages"}],"about":[{"href":"https:\/\/www.hotelaltona.com\/de\/wp-json\/wp\/v2\/types\/page"}],"author":[{"embeddable":true,"href":"https:\/\/www.hotelaltona.com\/de\/wp-json\/wp\/v2\/users\/1"}],"replies":[{"embeddable":true,"href":"https:\/\/www.hotelaltona.com\/de\/wp-json\/wp\/v2\/comments?post=1845"}],"version-history":[{"count":0,"href":"https:\/\/www.hotelaltona.com\/de\/wp-json\/wp\/v2\/pages\/1845\/revisions"}],"wp:attachment":[{"href":"https:\/\/www.hotelaltona.com\/de\/wp-json\/wp\/v2\/media?parent=1845"}],"curies":[{"name":"wp","href":"https:\/\/api.w.org\/{rel}","templated":true}]}}